{"id":28,"date":"2018-03-13T14:17:48","date_gmt":"2018-03-13T14:17:48","guid":{"rendered":"http:\/\/arrangementgroupgmbh.apps-1and1.net\/?page_id=28"},"modified":"2026-04-10T18:53:18","modified_gmt":"2026-04-10T16:53:18","slug":"blockchain","status":"publish","type":"page","link":"https:\/\/arrangement-group.de\/?page_id=28","title":{"rendered":"Bildung ist die beste Versicherung gegen Krisen"},"content":{"rendered":"<p>Sie erhalten \u00fcber diesen Blog den Zugang zu den Ursachen der Aktuellen Wirtschaftskrise und k\u00f6nnen Sie damit meistern.<\/p>\n<p>Ich besch\u00e4ftige mich seit 1975 mit Wirtschaftsmathematik und das hilft beim Verst\u00e4ndnis der zweiten Weltwirtschaftskrise ganz ungemein.<\/p>\n<p>Neben der Nachhilfe f\u00fcr Sch\u00fcler und Studenten gibt es seit diesem Jahr auch die Nachhilfe f\u00fcr alle in den Bereichen der angewandten Volkswirtschaft zur Meisterung dieser Krise und in der angewandten Betriebswirtschaft zur Gr\u00fcndung oder Umstrukturierung von Unternehmen.<\/p>\n<p>Dazu sind Ihrerseits keine Vorkenntnisse notwendig!<\/p>\n<p>Der Niedergang des Bildungssystems musste zwangsl\u00e4ufig in eine Wirtschaftskrise f\u00fchren, weil in der bisherigen Geschichte nur ein funktionierendes Bildungssystem zum Aufstieg von Nationen f\u00fchrt, wie zum Beispiel Preu\u00dfen.<\/p>\n<p>Ohne die Preu\u00dfen h\u00e4tte es keine Gymnasien in Deutschland gegeben.<\/p>\n<p>Und ohne eine private Initiative im Bildungsbereich wird es nie wieder einen wirtschaftlichen Aufschwung in Deutschland geben.<\/p>\n<p>In den siebziger Jahren des letzten Jahrhunderts wollte ich unbedingt in Hollywood arbeiten, aber nicht als Schauspieler.<\/p>\n<p>Es war vielmehr das Tutoring von den Kindern der Schauspieler und Schauspielerinnen in Hollywood, welches mich reizte.<\/p>\n<p>Seit 1981 gebe ich Nachhilfe und ich habe es keinen Tag bereut.<\/p>\n<p>In den achtziger Jahren des letzten Jahrhunderts reiste ich nach Los Angeles, um den Kontakt zu den gro\u00dfen Agenturen zu suchen, welche diese Dienstleistungen damals angeboten haben.<\/p>\n<p>Insbesondere bei gro\u00dfen Hollywoodproduktionen d\u00fcrfen mitunter die ganzen Familien der Hauptdarsteller mit auf die Reise gehen, wenn nicht vor Ort in Kalifornien gedreht wird.<\/p>\n<p>Sind schulpflichtige Kinder mit am Set, dann m\u00fcssen diese Tutoring und Hausarbeiten w\u00e4hrend der Dreharbeiten erhalten.<\/p>\n<p>Noch wichtiger war nat\u00fcrlich der Unterricht, wenn die Hauptdarsteller selbst noch zur Schule gingen.<\/p>\n<p>Sie mussten t\u00e4glich neben ihrer schauspielerischen Arbeit mindestens 3 Stunden unterrichtet werden.<\/p>\n<p>Mein gr\u00f6\u00dftes Projekt war deshalb das Tutoring w\u00e4hrend des ersten Teils von HARRY POTTER, welcher insgesamt 169 Drehtage umfasste, also zusammen mit den Wochenenden mehr als ein halbes Jahr dauerte.<\/p>\n<p>Hierzu musste eine mobile Schule gegr\u00fcndet werden, welche unterschiedliche Jahrg\u00e4nge zu unterrichten hatte.<\/p>\n<p>Daf\u00fcr habe ich ab Herbst 2000 ein ganzes Jahr lang Urlaub genommen und das hat sich durchaus gelohnt!<\/p>\n<p>Das chinesische Staatsfernsehen hatte damals dar\u00fcber berichtet, weil die Bildung in Asien einen ganz anderen Stellenwert besitzt, als bei uns.<\/p>\n<p>Und weil ich damals eine gro\u00dfe \u00c4hnlichkeit mit dem Hauptdarsteller Daniel Ratcliffe hatte, war ich zur Jahrtausendwende in China als &#8222;Vater von Harry Potter&#8220; bekannt.<\/p>\n<h4>Den Tiefpunkt am deutschen Bildungsmarkt haben wir inzwischen beinahe erreicht, auch wenn man diesen Eindruck schon ziemlich lange haben konnte.<\/h4>\n<p>Die direkten Auswirkungen einer komplett verfehlten Bildungspolitik haben in diese Krise gef\u00fchrt.<\/p>\n<p>Sie hat mittlerweile einen der ganz wenigen Wachstumsm\u00e4rkte in diesem Land hervorgebracht.<\/p>\n<p>Die Rede ist an dieser Stelle vom Nachhilfemarkt.<\/p>\n<p>Fast jede Nachhilfeschule sucht am Ende dieses Schuljahres vergeblich neue Nachhilfelehrer und Nachhilfelehrerinnen.<\/p>\n<p>Ich bin Nachhilfelehrer f\u00fcr Mathematik, BWL, VWL, Englisch, Franz\u00f6sisch und Deutsch f\u00fcr alle Schularten von der ersten bis zur dreizehnten Klasse.<\/p>\n<p>Sie k\u00f6nnen mich auch au\u00dferhalb der Region des westlichen Bodensees buchen, weil der Onlineunterricht inzwischen durch viele technologische L\u00f6sungen, die aber kaum einer kennt, in einigen F\u00e4chern gleichwertig ist.<\/p>\n<p>Ich fokussiere mich auf das Premiumsegment in der Nachhilfe und nicht auf den Massenmarkt, d.h. hier wird deutlich mehr geboten als bei den einschl\u00e4gig bekannten Nachhilfeschulen.<\/p>\n<p>Die k\u00fcnftige weltwirtschaftliche Nachfrage verlangt nach solide ausgebildeten Sch\u00fclern und Sch\u00fclerinnen, welche es aber im real existierenden deutschen Bildungssystem kaum noch gibt.<\/p>\n","protected":false},"excerpt":{"rendered":"<p>Sie erhalten \u00fcber diesen Blog den Zugang zu den Ursachen der Aktuellen Wirtschaftskrise und k\u00f6nnen Sie damit meistern. Ich besch\u00e4ftige mich seit 1975 mit Wirtschaftsmathematik und das hilft beim Verst\u00e4ndnis der zweiten Weltwirtschaftskrise ganz ungemein. Neben der Nachhilfe f\u00fcr Sch\u00fcler und Studenten gibt es seit diesem Jahr auch die Nachhilfe f\u00fcr alle in den Bereichen [&hellip;]<\/p>\n","protected":false},"author":1,"featured_media":755,"parent":0,"menu_order":0,"comment_status":"closed","ping_status":"closed","template":"","meta":{"powered_cache_disable_cache":false,"footnotes":""},"class_list":["post-28","page","type-page","status-publish","has-post-thumbnail","hentry"],"_links":{"self":[{"href":"https:\/\/arrangement-group.de\/index.php?rest_route=\/wp\/v2\/pages\/28","targetHints":{"allow":["GET"]}}],"collection":[{"href":"https:\/\/arrangement-group.de\/index.php?rest_route=\/wp\/v2\/pages"}],"about":[{"href":"https:\/\/arrangement-group.de\/index.php?rest_route=\/wp\/v2\/types\/page"}],"author":[{"embeddable":true,"href":"https:\/\/arrangement-group.de\/index.php?rest_route=\/wp\/v2\/users\/1"}],"replies":[{"embeddable":true,"href":"https:\/\/arrangement-group.de\/index.php?rest_route=%2Fwp%2Fv2%2Fcomments&post=28"}],"version-history":[{"count":21,"href":"https:\/\/arrangement-group.de\/index.php?rest_route=\/wp\/v2\/pages\/28\/revisions"}],"predecessor-version":[{"id":35136,"href":"https:\/\/arrangement-group.de\/index.php?rest_route=\/wp\/v2\/pages\/28\/revisions\/35136"}],"wp:featuredmedia":[{"embeddable":true,"href":"https:\/\/arrangement-group.de\/index.php?rest_route=\/wp\/v2\/media\/755"}],"wp:attachment":[{"href":"https:\/\/arrangement-group.de\/index.php?rest_route=%2Fwp%2Fv2%2Fmedia&parent=28"}],"curies":[{"name":"wp","href":"https:\/\/api.w.org\/{rel}","templated":true}]}}