{"id":657,"date":"2019-01-28T12:55:37","date_gmt":"2019-01-28T12:55:37","guid":{"rendered":"http:\/\/arrangement-group.de\/?page_id=657"},"modified":"2026-04-11T10:49:52","modified_gmt":"2026-04-11T08:49:52","slug":"impressum-2","status":"publish","type":"page","link":"https:\/\/arrangement-group.de\/?page_id=657","title":{"rendered":"Hier gibt es \u00fcberall meinen Unterricht bei Ihnen Zuhause"},"content":{"rendered":"<p><strong>Die mobile Nachhilfe gibt es nur hier:<\/strong><\/p>\n<p><strong>Konstanz, Kreuzlingen, Radolfzell, Singen, Ramsen, Stein am Rhein, Stockach, Me\u00dfkirch, \u00dcberlingen und Tuttlingen als Pr\u00e4senzunterricht zu Hause bei den Sch\u00fclern und Sch\u00fclerinnen in den F\u00e4chern Mathematik, Physik, BWL, VWL, Deutsch, Franz\u00f6sisch und Englisch.<\/strong><\/p>\n<p>Deutschlandweit k\u00f6nnte der Unterricht aber auch online stattfinden, aber mit dem gro\u00dfen Unterschied, dass ich mit der neuesten hier verwendeten Technologie etwas anbieten kann, was meinem Pr\u00e4senzunterricht in nichts nachsteht.<\/p>\n<p>Im Zuge der aktuellen Wirtschaftskrise k\u00f6nnen Sie einerseits die t\u00e4glichen Wirtschaftsnachrichten abonnieren und ein Krisencoaching online buchen.<\/p>\n<p>Bei mir steht der Pr\u00e4senzunterricht zu Hause bei den Sch\u00fclern also ganz klar im Vordergrund.<\/p>\n<p>Und ich fahre \u00fcbrigens elektrisch auch zu entlegenen Orten in meiner Region und der hierbei verwendete Strom stammt aus den eigenen Solarzellen.<\/p>\n<p>Nach 5 Jahren Praxiserfahrung mit der Elektromobilit\u00e4t stehe ich auch zur Beratung des individuell passenden Elektroautos und dessen Infrastruktur wie PV-Anlage bzw. Wallbox zur Verf\u00fcgung.<\/p>\n<p>Nur so bleiben Sie im Rest des Jahres 2026 noch mobil.<\/p>\n","protected":false},"excerpt":{"rendered":"<p>Die mobile Nachhilfe gibt es nur hier: Konstanz, Kreuzlingen, Radolfzell, Singen, Ramsen, Stein am Rhein, Stockach, Me\u00dfkirch, \u00dcberlingen und Tuttlingen als Pr\u00e4senzunterricht zu Hause bei den Sch\u00fclern und Sch\u00fclerinnen in den F\u00e4chern Mathematik, Physik, BWL, VWL, Deutsch, Franz\u00f6sisch und Englisch. Deutschlandweit k\u00f6nnte der Unterricht aber auch online stattfinden, aber mit dem gro\u00dfen Unterschied, dass ich [&hellip;]<\/p>\n","protected":false},"author":1,"featured_media":32574,"parent":0,"menu_order":0,"comment_status":"closed","ping_status":"closed","template":"","meta":{"powered_cache_disable_cache":false,"footnotes":""},"class_list":["post-657","page","type-page","status-publish","has-post-thumbnail","hentry"],"_links":{"self":[{"href":"https:\/\/arrangement-group.de\/index.php?rest_route=\/wp\/v2\/pages\/657","targetHints":{"allow":["GET"]}}],"collection":[{"href":"https:\/\/arrangement-group.de\/index.php?rest_route=\/wp\/v2\/pages"}],"about":[{"href":"https:\/\/arrangement-group.de\/index.php?rest_route=\/wp\/v2\/types\/page"}],"author":[{"embeddable":true,"href":"https:\/\/arrangement-group.de\/index.php?rest_route=\/wp\/v2\/users\/1"}],"replies":[{"embeddable":true,"href":"https:\/\/arrangement-group.de\/index.php?rest_route=%2Fwp%2Fv2%2Fcomments&post=657"}],"version-history":[{"count":13,"href":"https:\/\/arrangement-group.de\/index.php?rest_route=\/wp\/v2\/pages\/657\/revisions"}],"predecessor-version":[{"id":35140,"href":"https:\/\/arrangement-group.de\/index.php?rest_route=\/wp\/v2\/pages\/657\/revisions\/35140"}],"wp:featuredmedia":[{"embeddable":true,"href":"https:\/\/arrangement-group.de\/index.php?rest_route=\/wp\/v2\/media\/32574"}],"wp:attachment":[{"href":"https:\/\/arrangement-group.de\/index.php?rest_route=%2Fwp%2Fv2%2Fmedia&parent=657"}],"curies":[{"name":"wp","href":"https:\/\/api.w.org\/{rel}","templated":true}]}}